{"id":1016,"date":"2024-06-25T12:36:22","date_gmt":"2024-06-25T10:36:22","guid":{"rendered":"https:\/\/nfccards.it\/?page_id=1016"},"modified":"2024-06-25T12:46:10","modified_gmt":"2024-06-25T10:46:10","slug":"termini-e-condizioni","status":"publish","type":"page","link":"https:\/\/nfccards.it\/?page_id=1016","title":{"rendered":"Termini e Condizioni"},"content":{"rendered":"<div class=\"wpb-content-wrapper\"><p>[vc_row][vc_column][vc_column_text css=&#8221;&#8221;]<\/p>\n<ol>\n<li><strong>Definizione e oggetto del contratto<\/strong><\/li>\n<\/ol>\n<p>Le presenti condizioni generali si applicano ai contratti di compravendita stipulati online (di seguito: \u201cContratti\u201d) attraverso tecniche di comunicazione a distanza attraverso il sito internet nfccards.it (di seguito: \u201cshop\u201d). I contratti sono stipulati tra NfcCards.it di propriet\u00e0 Assistenza Jarvis di Bosco Luciano (di seguito: \u201cNFC Cards\u201d), con sede in via Alcide De Gasperi 32, 82018 San Giorgio del Sannio (BN), e i Consumatori \/ Acquirenti\/ Clienti \/ Rivenditori (di seguito: \u201cClienti\u201d), che desiderano acquistare i prodotti dalla medesima realizzati e\/o commercializzati (di seguito: \u201cProdotti\u201d).<\/p>\n<p>I contratti conclusi con NfcCards.it attraverso il sito nfccards.it (di seguito: \u201cSito\u201d) sono disciplinati dal diritto italiano ed in particolare dal D. Lgs. 9 aprile 2003 nr. 70 (norme sul commercio elettronico).<\/p>\n<p>Se il Cliente \u00e8 un consumatore, ovvero una persona fisica che agisce per scopi estranei all\u2019attivit\u00e0 professionale, il Contratto \u00e8 altres\u00ec regolato dalle norme previste dal D. Lgs. 6 settembre 2005 nr. 206 (di seguito: \u201cCodice del Consumo\u201d).<\/p>\n<p>Le presenti condizioni generali di vendita (di seguito: \u201cCondizioni Generali\u201d) e in particolare le informazioni di cui all\u2019art. 52 del Codice del Consumo verranno riportate in modo visibile sul Sito e saranno valide ed efficaci finch\u00e9 non verranno modificate e\/o integrate da NfcCards. Eventuali modifiche e\/o integrazioni alle Condizioni Generali saranno efficaci con decorrenza immediata e si applicheranno alle vendite effettuate a decorrere da tale data. In ogni caso, la versione aggiornata delle Condizioni Generali sar\u00e0 reperibile sul Sito.<\/p>\n<ol start=\"2\">\n<li><strong>Soggetti<\/strong><\/li>\n<\/ol>\n<p>I prodotti\/servizi web sono venduti direttamente da NfcCards.it.<\/p>\n<p>I prodotti sono venduti al Cliente identificato dai dati inseriti all\u2019atto della compilazione e invio dell\u2019ordine in formato elettronico, che determina la contestuale accettazione delle presenti Condizioni Generali di Vendita. Le offerte di prodotti presenti sul sito si rivolgono esclusivamente a Clienti maggiorenni. I minorenni per poter acquistare sul sito devono prima avere il consenso di uno dei genitori o di un tutore legale. Realizzando un Ordine attraverso questo sito web, si garantisce di essere maggiorenni e di possedere la capacit\u00e0 legale di stipulare contratti vincolanti.<\/p>\n<p>Al Cliente \u00e8 fatto divieto di inserire nomi falsi, e\/o inventati, e\/o di fantasia, nella procedura di Ordine on-line e nelle ulteriori comunicazioni. Il Rivenditore vende, in nome e per conto proprio, i Prodotti fornitigli da NfcCards.it. Egli non detiene alcun potere di stipulare contratti in nome e per conto di NfcCards.it, n\u00e9 di impegnare in qualsiasi modo quest\u2019ultimo nei confronti di terzi. Il Rivenditore dichiara di aver compreso appieno caratteristiche e funzionalit\u00e0 dei prodotti.<\/p>\n<p>Le attivit\u00e0 pubblicitarie e di marketing del Rivenditore relativamente al prodotto dovranno conformarsi alle linee guida predisposte da NfcCards.it onde garantire che esse siano conformi all\u2019immagine di NfcCards.it e alle sue politiche di marketing e comunicazione. Il Rivenditore potr\u00e0 vendere online i prodotti solo previa autorizzazione scritta, fornita a discrezione di NfcCards.it, su richiesta esplicita del Rivenditore. \u00c8 facolt\u00e0 di NfcCards.it, in caso di violazione dei punti di cui sopra, risolvere immediatamente la collaborazione, fatta salva ogni ragione di credito e ogni eventuale risarcimento dei danni subiti a causa del comportamento assunto dal Rivenditore.<\/p>\n<p>Accettando queste Condizioni di Vendita, inoltre, il Cliente esonera NfcCards.it da ogni responsabilit\u00e0 derivante dall\u2019emissione di documenti fiscali errati a causa di errori relativi a dati forniti al momento dell\u2019inserimento dell\u2019Ordine online, essendo il Cliente l\u2019unico responsabile del loro corretto inserimento.<\/p>\n<ol start=\"3\">\n<li><strong>Vendita tramite servizio di commercio elettronico<\/strong><\/li>\n<\/ol>\n<p>Per contratto di vendita online s\u2019intende il contratto a distanza avente ad oggetto la vendita di beni mobili stipulato tra il Cliente e NfcCards.it, in qualit\u00e0 di Venditore, nell\u2019ambito di un servizio di commercio elettronico organizzato dal Venditore che, per tale scopo, impiega la tecnologia di comunicazione a distanza Internet. Per concludere il contratto di acquisto di uno o pi\u00f9 Prodotti, il Cliente dovr\u00e0 compilare un modulo d\u2019ordine in formato elettronico da trasmettere al Venditore attraverso Internet seguendo le relative istruzioni.<\/p>\n<p>Per l\u2019acquisto di uno o pi\u00f9 Prodotti\/Servizi sul Sito, \u00e8 quindi necessario effettuare preventivamente la registrazione sul Sito, fornendo a NfcCards.it, in ottemperanza alle applicabili disposizioni in materia di protezione dei dati personali, tutti i dati necessari per consentire a NfcCards.it medesima di dare esecuzione agli ordini inoltrati (di seguito: \u201cOrdine\u201d).<\/p>\n<p>Il Cliente deve gestire in totale segretezza l\u2019utilizzo della password personale e di altri eventuali dati di accesso e di impedirne la conoscenza a terzi non autorizzati.<\/p>\n<p>Una volta ultimata la registrazione, il Cliente potr\u00e0 selezionare uno o pi\u00f9 Prodotti da acquistare, inserendoli in un \u201ccarrello\u201d virtuale, di cui potr\u00e0 sempre visualizzare il contenuto prima di procedere all\u2019inoltro dell\u2019Ordine. Cliccando sul tasto \u201cEFFETTUA ORDINE\u201d, il Cliente dar\u00e0 avvio alla procedura di inoltro dell\u2019Ordine. Nella fase di formulazione dell\u2019Ordine e fino al suo effettivo inoltro il Cliente avr\u00e0, comunque, la possibilit\u00e0 di rivedere i dati inseriti cliccando sul tasto \u201cINDIETRO\u201d, cos\u00ec da individuare e correggere eventuali informazioni errate. Cliccando sul tasto \u201cEFFETTUA ORDINE\u201d, al termine della procedura, il Cliente effettuer\u00e0 l\u2019inoltro dell\u2019Ordine nei confronti di NfcCards.it. Ogni Ordine inoltrato secondo tali modalit\u00e0 dovr\u00e0 intendersi, a tutti gli effetti, quale proposta contrattuale da parte del Cliente. All\u2019inoltro dell\u2019Ordine da parte del Cliente seguir\u00e0 tempestivamente conferma da parte di NfcCards.it riguardo al ricevimento dell\u2019Ordine medesimo, tramite l\u2019invio di una e-mail sull\u2019account di posta elettronica comunicato dal Cliente. Con l\u2019invio di tale e-mail, NfcCards.it provveder\u00e0, altres\u00ec, a comunicare al Cliente se l\u2019Ordine possa essere accettato o meno (la Conferma d&#8217;ordine). NfcCards.it avr\u00e0 facolt\u00e0 di accettare o meno gli Ordini ricevuti senza che, in caso di mancata accettazione, il Cliente possa avanzare diritti o pretese nei confronti di NfcCards.it ad alcun titolo. L\u2019Ordine si intender\u00e0, in ogni caso, accettato e conseguentemente il Contratto concluso al momento in cui il Cliente ricever\u00e0, sul proprio indirizzo di posta elettronica, l\u2019E-mail di Conferma spedizione dell\u2019ordine. Nelle comunicazioni via e-mail, NfcCards.it si impegna a comunicare al Cliente un riepilogo delle principali condizioni commerciali, informazioni generali sulle caratteristiche del prodotto, il singolo prezzo, i costi di trasporto, le modalit\u00e0 di pagamento e le modalit\u00e0 di consegna, nonch\u00e9 la somma totale da pagare per l\u2019ordine richiesto dal Cliente. I prodotti venduti da NfcCards.it possono anche essere realizzati \u00a0a mano. Eventuali piccole imperfezioni sono testimonianza della speciale manifattura artigianale.<\/p>\n<ol start=\"4\">\n<li><strong>Modalit\u00e0 di pagamento<\/strong><\/li>\n<\/ol>\n<p>Il pagamento pu\u00f2 essere effettuato attraverso le seguenti modalit\u00e0:<\/p>\n<ol>\n<li>Carte di credito e prepagate, senza alcun onere aggiuntivo sui prezzi di vendita o i costi accessori<\/li>\n<\/ol>\n<p>Il Cliente, al momento di invio dell\u2019ordine, dovr\u00e0 comunicare a NfcCards.it le modalit\u00e0 con cui intende effettuare il pagamento. I pagamenti tramite carta di credito avvengono tramite PayPal. Al momento dell\u2019acquisto online, contestualmente alla Conferma dell\u2019ordine, l\u2019istituto bancario di riferimento provveder\u00e0 ad effettuare la transazione dell\u2019importo relativo all\u2019ordine qualora vi sia disponibilit\u00e0 sulla carta di credito del Cliente. Se, una volta ricevuto il prodotto, per qualsiasi motivo il Cliente intenda avvalersi del Diritto di recesso, a seguito dell\u2019avvenuto pagamento dei Prodotti acquistati online, NfcCards.it dar\u00e0 incarico all\u2019intermediario che ha eseguito la transazione di riaccreditare l\u2019importo da rimborsare direttamente sulla carta di credito del Cliente. In nessun momento della procedura di acquisto NfcCards.it crittografato direttamente al sito del soggetto che gestisce il pagamento elettronico. Nessun archivio informatico di NfcCards.it conserver\u00e0 tali dati. In nessun caso NfcCards.it pu\u00f2 quindi essere ritenuto responsabile per l\u2019eventuale uso fraudolento e indebito di carte di credito e prepagate da parte di terzi.<\/p>\n<ol start=\"5\">\n<li><strong>Prezzi di vendita<\/strong><\/li>\n<\/ol>\n<p>Salvo diversa indicazione scritta, tutti i prezzi dei Prodotti e delle spese di spedizione e consegna indicati sul sito web e nell\u2019ordine sono da ritenersi IVA inclusa ed espressi in Euro. La validit\u00e0 dei prezzi indicati \u00e8 sempre e solamente quella indicata dal sito web nel momento della trasmissione dell\u2019ordine. I prezzi dei Prodotti e delle spese di spedizione e consegna possono variare senza obbligo di preavviso.<\/p>\n<p>Tutti i Prodotti vengono spediti direttamente dall\u2019Italia. I prezzi dei Prodotti e delle spese di spedizione e di consegna indicati sul sito web e nell\u2019Ordine, qualora non specificato diversamente, sono da ritenersi non comprensivi di eventuali costi connessi a dazi doganali e relative tasse qualora la spedizione avvenga in Paesi extra-UE ovvero nei Paesi in cui la normativa vigente preveda oneri di importazione.<\/p>\n<p>Questi costi sono quindi a carico del Cliente e dovranno essere corrisposti direttamente al momento della consegna dei Prodotti, secondo le indicazioni specificate nella Conferma dell\u2019ordine. Solo i prodotti disponibili possono essere ordinati a eccezione delle offerte promozionali aventi una determinata durata. In questo caso, il Consumatore deve prestare attenzione ai limiti temporali di validit\u00e0 dell\u2019offerta. La fornitura viene avviata a partire dal primo ordine rivolto dal Rivenditore a NfcCards.it. Nel caso in cui uno dei Prodotti presenti un difetto di conformit\u00e0 e venga restituito a NfcCards.it, quest\u2019ultimo provveder\u00e0 alla sua sostituzione. Il Cliente provveder\u00e0 poi a recapitare il prodotto difettoso a NfcCards.it; quest\u2019ultimo invier\u00e0 al Cliente il prodotto sostitutivo.<\/p>\n<p>L\u2019incaricato alle vendite \u00e8 tenuto ad usare i marchi, nomi o altri segni distintivi di NfcCards.it al solo fine di identificare e pubblicizzare i prodotti, nel contesto della sua attivit\u00e0 come l&#8217;incaricato, essendo inteso che tale uso viene fatto nell\u2019esclusivo interesse di NfcCards.it. L\u2019incaricato si impegna a non depositare, n\u00e9 far depositare, i marchi, nomi o altri segni distintivi di NfcCards.it e prodotti distribuiti, n\u00e9 a depositare o far depositare eventuali marchi, nomi o segni distintivi confondibili con quelli di NfcCards.it.<\/p>\n<p>Egli si impegna inoltre a non inserire i marchi, nomi o segni distintivi di cui sopra nella propria ditta o denominazione sociale. L\u2019incaricato informer\u00e0 NfcCards.it, non appena ne venga a conoscenza, di eventuali atti di concorrenza sleale o violazioni di diritti di propriet\u00e0 industriale (es. marchi, nomi, modelli registrati) compiuti da terzi e riguardanti i Prodotti contrattuali e fornir\u00e0 a NfcCards.it la necessaria assistenza per la tutela dei suoi diritti nel Territorio. L\u2019Incaricato si impegna a non rivelare a terzi, neppure dopo la cessazione del presente contratto, segreti aziendali o commerciali di NfcCards.it o altre notizie riservate di cui sia venuto a conoscenza attraverso la sua attivit\u00e0 per NfcCards.it, n\u00e9 ad utilizzare tali segreti o notizie riservate per fini estranei al presente contratto. NfcCards.it pu\u00f2 in qualsiasi momento revocare senza preavviso la possibilit\u00e0 di utilizzare i propri marchi qualora L\u2019Incaricato sia in palese violazione anche di uno solo dei punti sopra riportati.<\/p>\n<ol start=\"6\">\n<li><strong>Spedizioni e consegna dei prodotti<\/strong><\/li>\n<\/ol>\n<p>Ogni spedizione contiene i prodotti ordinati, il relativo documento di trasporto, eventuale documentazione accompagnatoria richiesta in base al Paese di spedizione, eventuale materiale informativo e di marketing. I prodotti acquistati saranno consegnati dal corriere scelto da NfcCards.it all\u2019indirizzo di spedizione indicato dal Cliente sull\u2019ordine. NfcCards.it non sar\u00e0 responsabile della mancata o ritardata consegna dovuta a cause di forza maggiore, quali \u2013 a titolo esemplificativo \u2013 scioperi, provvedimenti della Pubblica Autorit\u00e0, razionamenti o penuria di energia o materie prime, difficolt\u00e0 di trasporto, incendi, alluvioni, allagamenti e danni ai macchinari industriali non dipendenti da NfcCards.it. NfcCards.it provveder\u00e0 a comunicare tempestivamente al Cliente il verificarsi e il venir meno di una causa di forza maggiore.<\/p>\n<ol start=\"7\">\n<li><strong>Diritto di recesso<\/strong><\/li>\n<\/ol>\n<p>Se per qualunque ragione il Cliente non fosse soddisfatto dell\u2019ordine, o nello spiacevole caso in cui venissero recapitati prodotti non conformi a quanto richiesto, ai sensi del D. Lgs. n. 206\/2005, il Cliente ha diritto di recedere dal contratto senza alcuna penalit\u00e0 seguendo le istruzioni di seguito riportate:<\/p>\n<p>a) La richiesta di recesso pu\u00f2 essere effettuata entro il termine di 30 giorni lavorativi dall\u2019arrivo della merce (far\u00e0 fede il tracking del corriere con cui NfcCards.it invia i prodotti all\u2019indirizzo fornito dal cliente).<br \/>\nb) <strong>NfcCards.it<\/strong>\u00a0rimborser\u00e0 il costo per intero dei prodotti restituiti dal Cliente e dei costi di spedizione iniziali sostenuti. I prodotti devono essere: non usati e non danneggiati, nonch\u00e9 accompagnati dai relativi cartellini e\/o etichette originali e dal relativo scontrino\/nota di corrispettivo\/fattura.<br \/>\nc) I resi saranno accettati solo se confermati da NfcCards.it.<br \/>\nd)\u00a0<strong>La restituzione dei beni deve essere effettuata entro 30 giorni dalla data di compilazione del modulo di richiesta del recesso inviato via mail all\u2019indirizzo info@nfccards.it.<\/strong> Far\u00e0 fede la data di consegna dei prodotti presso NfcCards.it. Eventuali prodotti giunti dopo tale termine potrebbero non essere rimborsati.<br \/>\ne) I rimborsi verranno effettuati con la medesima modalit\u00e0 di pagamento prevista per l\u2019acquisto.<br \/>\nf) NfcCards.it si impegner\u00e0 a rimborsare tempestivamente il Cliente entro e non oltre 14 giorni dalla data di restituzione del prodotto.<br \/>\ng) Le spese di restituzione dei prodotti sono a carico del Cliente. Il cliente \u00e8 responsabile del bene o dei beni oggetto di recesso durante il periodo della riconsegna per evenienze quali furti, danneggiamenti o smarrimenti, ed \u00e8 pertanto invitato a prediligere \u2013 nel proprio interesse e laddove lo ritenesse opportuno \u2013 un tipo di\u00a0<strong>spedizione tracciabile e assicurata<\/strong>.<br \/>\nh) Il diritto di recesso non \u00e8 previsto per kit prodotti Incaricati. Se hai rispettato tutte le condizioni richieste, NfcCards.it ti rimborser\u00e0 l\u2019intero prezzo dei prodotti acquistati.<\/p>\n<p>Al contrario, sarai contattato se il tuo reso non potr\u00e0 essere accettato perch\u00e9 non conforme alle condizioni sopra riportate. In questo caso, potrai scegliere di riavere i prodotti acquistati a tue spese. Nel caso tu rifiutassi questa spedizione NfcCards.it si riserva il diritto di trattenere i prodotti e l\u2019importo corrispondente per l\u2019acquisto dei prodotti.<\/p>\n<p><strong>8. Garanzia dei prodotti eventualmente non conformi<\/strong><\/p>\n<p>NfcCards.it \u00e8 responsabile per qualsiasi difetto dei prodotti offerti sul sito, ivi inclusa la non conformit\u00e0 degli articoli ai prodotti ordinati, ai sensi di quanto disposto dalla normativa italiana. Se il Cliente ha stipulato il contratto in qualit\u00e0 di Consumatore (intendendosi con tale definizione qualsiasi persona fisica che agisca sul sito per scopi estranei all\u2019attivit\u00e0 imprenditoriale o professionale eventualmente svolta), la presente garanzia \u00e8 valida a condizione che vengano rispettate entrambe le seguenti condizioni: il difetto si manifesti entro 30 giorni dalla data di consegna dei prodotti; il Cliente presenti reclamo formale relativamente ai difetti entro un massimo di 14 giorni dalla data in cui il difetto \u00e8 stato da quest\u2019ultimo riconosciuto; c) venga richiesto correttamente all\u2019indirizzo info@nfccards.it.<\/p>\n<p>In caso di mancata conformit\u00e0, il Cliente che ha stipulato il contratto in qualit\u00e0 di Consumatore avr\u00e0 diritto ad ottenere il ripristino della conformit\u00e0 dei prodotti senza spese, mediante riparazione o sostituzione, ovvero di ottenere un\u2019appropriata riduzione di prezzo ovvero la risoluzione del contratto relativamente ai beni contestati e la conseguente restituzione del prezzo. Tutti i costi di restituzione per prodotti difettosi saranno sostenuti da NfcCards.it. Si specifica che essendo i prodotti di tecnologia in fase costante di ricerca e sviluppo, le immagini presenti nelle schede in catalogo hanno scopo puramente illustrativo e non sono da considerarsi vincolanti ai fini contrattuali. NfcCards.it si riserva il diritto di distribuire al Cliente prodotti con variazioni ma dalle prestazioni analoghe o superiori.<\/p>\n<ol start=\"9\">\n<li><strong>Contributo ai costi di spedizione<\/strong><\/li>\n<\/ol>\n<p>Per le spedizioni nazionali non \u00e8 applicato nessun contributo ( valido per l\u2019Italia e le isole ). Il contributo ai costi di spedizione internazionale pu\u00f2 variare tra 5,00 euro e 15,00 Euro IVA inclusa (ad eccezione di alcuni territori: come sopra, il calcolo specifico dei costi di spedizione \u00e8 determinato in fase di ordine indicando l\u2019indirizzo a cui destinare i Prodotti).<\/p>\n<p>&nbsp;<\/p>\n<ol start=\"10\">\n<li><strong>Protezione e trattamento dei dati personali<\/strong><\/li>\n<\/ol>\n<p>Ai sensi del Regolamento UE 2016\/679(GDPR) in materia di \u201cprotezione e trattamento dei dati personali\u201d, il Cliente, con la sottoscrizione del contratto, acconsente all\u2019inserimento dei propri dati personali nelle banche dati tenute dal Fornitore ed al loro trattamento. Dichiara, altres\u00ec, di essere a conoscenza degli specifici diritti che, in relazione al trattamento di tali dati, le derivano dall\u2019art. 15 GDPR e seguenti del predetto regolamento. Titolare del trattamento \u00e8 il Fornitore per quanto disposto dalla citata Legge.<\/p>\n<p>&nbsp;<\/p>\n<p><strong>Contatti<\/strong><br \/>\nNfcCards.it \u2013 Assistenza Jarvis di Bosco Luciano \u2013 Via Alcide De Gasperi 32 &#8211; 82018 San Giorgio del Sannio (BN)<\/p>\n<p>emal: info@nfccards.it<\/p>\n<p><strong>Comunicazioni al Cliente<\/strong><br \/>\nIl Cliente prende atto, accetta e d\u00e0 il suo consenso al fatto che tutte le comunicazioni, notificazioni, attestazioni, informazioni, rendicontazioni e comunque ogni documentazione sulle operazioni eseguite, riferite all\u2019acquisto dei Prodotti, verranno inviate all\u2019indirizzo di posta elettronica indicato al momento dell\u2019acquisto, con possibilit\u00e0 di scaricare le informazioni su supporto duraturo nei modi e nei limiti previsti dal Sito.<\/p>\n<p><strong>Soluzione delle controversie e foro competente<\/strong><br \/>\nNel caso di controversia emersa dalla presente relazione contrattuale, le parti si impegnano a cercare, prima di qualsiasi azione giudiziaria, una soluzione dettata dal buon senso. Le presenti Condizioni Generali di Vendita sono disciplinate dal diritto italiano e saranno interpretate in base ad esso, fatta salva qualsiasi diversa norma imperativa prevalente del paese di residenza abituale del Cliente. Di conseguenza l\u2019interpretazione, esecuzione e risoluzione delle Condizioni Generali di Vendita sono soggette esclusivamente alla legge Italiana ed eventuali controversie inerenti e\/o conseguenti alle stesse dovranno essere risolte in via esclusiva dall\u2019autorit\u00e0 giurisdizionale Italiana. In particolare, qualora il Cliente rivesta la qualifica di Consumatore, le eventuali controversie dovranno essere risolte dal tribunale del luogo di domicilio o residenza dello stesso in base alla legge applicabile oppure, a scelta del consumatore in caso di azione intrapresa dal consumatore stesso, dal Tribunale di Benevento. Qualora il Cliente agisca invece nell\u2019esercizio della propria attivit\u00e0 imprenditoriale, commerciale, artigianale o professionale, le parti consensualmente stabiliscono la competenza esclusiva del Foro di Benevento.<\/p>\n<p><strong>Modifica e aggiornamento<\/strong><br \/>\nNfcCards.it pu\u00f2 apportare modifiche o emendamenti alle presenti Condizioni Generali di Vendita in qualsiasi momento. Pertanto, sar\u00e0 richiesto al Cliente di accettare esclusivamente le Condizioni Generali di Vendita in vigore al momento del relativo acquisto. Le nuove Condizioni Generali di Vendita saranno efficaci dalla data di pubblicazione sul sito web e in relazione ad ordini di acquisto presentati successivamente a tale data.<\/p>\n<p><strong>Diritti di propriet\u00e0 intellettuale<\/strong><br \/>\nTutti i diritti dei contenuti pubblicati sul Sito (ad es. testi, video, immagini) sono soggetti al diritto d\u2019autore nonch\u00e9 ad altre leggi per la tutela della propriet\u00e0 intellettuale e sono riservati al gestore o a chi legittimamente disponga dei diritti relativi. \u00c8 fatto divieto all\u2019utente di modificare o cancellare segni distintivi, marchi o altre indicazioni. L\u2019utilizzo dei contenuti \u2013 in qualsiasi modo \u2013 non \u00e8 consentito salvo i casi in cui NfcCards.it lo abbia espressamente consentito.<\/p>\n<p><strong>Altre previsioni. Limitazioni di responsabilit\u00e0<\/strong><br \/>\nLe presenti Condizioni generali non disciplinano la vendita di Prodotti e\/o la fornitura di servizi da parte di soggetti diversi da NfcCards.it, che appaiano eventualmente sul Sito tramite link, banner o altri collegamenti ipertestuali. Prima di effettuare transazioni commerciali con tali soggetti, \u00e8 necessario che l\u2019utente registrato verifichi le loro condizioni di vendita. NfcCards.it non \u00e8 in alcun modo responsabile per la fornitura di servizi e\/o per la vendita di Prodotti da parte di tali soggetti. Sui siti web eventualmente consultabili tramite tali collegamenti, NfcCards.it non effettua alcun controllo e\/o monitoraggio. NfcCards.it non \u00e8 pertanto responsabile per i contenuti di tali siti n\u00e9 per eventuali errori e\/o omissioni e\/o violazioni di legge da parte degli stessi.<\/p>\n<p>Ultimo aggiornamento: 25 giugno 2024[\/vc_column_text][\/vc_column][\/vc_row]<\/p>\n<\/div>","protected":false},"excerpt":{"rendered":"<p>[vc_row][vc_column][vc_column_text css=&#8221;&#8221;] Definizione e oggetto del contratto Le presenti condizioni generali si applicano ai contratti di compravendita stipulati online (di seguito: \u201cContratti\u201d) attraverso tecniche di comunicazione a distanza attraverso il sito internet nfccards.it (di seguito: \u201cshop\u201d). I contratti sono stipulati tra NfcCards.it di propriet\u00e0 Assistenza Jarvis di Bosco Luciano (di seguito: \u201cNFC Cards\u201d), con sede [&hellip;]<\/p>\n","protected":false},"author":2,"featured_media":0,"parent":0,"menu_order":0,"comment_status":"closed","ping_status":"closed","template":"","meta":{"footnotes":""},"class_list":["post-1016","page","type-page","status-publish","hentry"],"_links":{"self":[{"href":"https:\/\/nfccards.it\/index.php?rest_route=\/wp\/v2\/pages\/1016","targetHints":{"allow":["GET"]}}],"collection":[{"href":"https:\/\/nfccards.it\/index.php?rest_route=\/wp\/v2\/pages"}],"about":[{"href":"https:\/\/nfccards.it\/index.php?rest_route=\/wp\/v2\/types\/page"}],"author":[{"embeddable":true,"href":"https:\/\/nfccards.it\/index.php?rest_route=\/wp\/v2\/users\/2"}],"replies":[{"embeddable":true,"href":"https:\/\/nfccards.it\/index.php?rest_route=%2Fwp%2Fv2%2Fcomments&post=1016"}],"version-history":[{"count":5,"href":"https:\/\/nfccards.it\/index.php?rest_route=\/wp\/v2\/pages\/1016\/revisions"}],"predecessor-version":[{"id":1021,"href":"https:\/\/nfccards.it\/index.php?rest_route=\/wp\/v2\/pages\/1016\/revisions\/1021"}],"wp:attachment":[{"href":"https:\/\/nfccards.it\/index.php?rest_route=%2Fwp%2Fv2%2Fmedia&parent=1016"}],"curies":[{"name":"wp","href":"https:\/\/api.w.org\/{rel}","templated":true}]}}